 {"id":7936,"date":"2021-05-03T11:22:20","date_gmt":"2021-05-03T14:22:20","guid":{"rendered":"https:\/\/www.crombie.ca\/apply-now-french\/"},"modified":"2024-09-09T13:39:03","modified_gmt":"2024-09-09T16:39:03","slug":"appliquer-maintenant","status":"publish","type":"page","link":"https:\/\/www.crombie.ca\/fr\/carrieres\/appliquer-maintenant\/","title":{"rendered":"Appliquer maintenant"},"content":{"rendered":"<div id=\"cs-content\" class=\"cs-content\"><\/div>\n","protected":false},"excerpt":{"rendered":"<p>Pr\u00e9sentez votre candidature d\u00e8s maintenant Notre plus grande ressource est notre \u00e9quipe. C\u2019est pourquoi nous embauchons des gens passionn\u00e9s par &#8230; <a href=\"https:\/\/www.crombie.ca\/fr\/carrieres\/appliquer-maintenant\/\" class=\"more-link\">Read More<\/a><\/p>\n","protected":false},"author":1,"featured_media":0,"parent":7912,"menu_order":0,"comment_status":"closed","ping_status":"closed","template":"template-blank-4.php","meta":{"_acf_changed":false,"footnotes":""},"class_list":["post-7936","page","type-page","status-publish","hentry","no-post-thumbnail"],"acf":[],"_links":{"self":[{"href":"https:\/\/www.crombie.ca\/fr\/wp-json\/wp\/v2\/pages\/7936","targetHints":{"allow":["GET"]}}],"collection":[{"href":"https:\/\/www.crombie.ca\/fr\/wp-json\/wp\/v2\/pages"}],"about":[{"href":"https:\/\/www.crombie.ca\/fr\/wp-json\/wp\/v2\/types\/page"}],"author":[{"embeddable":true,"href":"https:\/\/www.crombie.ca\/fr\/wp-json\/wp\/v2\/users\/1"}],"replies":[{"embeddable":true,"href":"https:\/\/www.crombie.ca\/fr\/wp-json\/wp\/v2\/comments?post=7936"}],"version-history":[{"count":3,"href":"https:\/\/www.crombie.ca\/fr\/wp-json\/wp\/v2\/pages\/7936\/revisions"}],"predecessor-version":[{"id":7939,"href":"https:\/\/www.crombie.ca\/fr\/wp-json\/wp\/v2\/pages\/7936\/revisions\/7939"}],"up":[{"embeddable":true,"href":"https:\/\/www.crombie.ca\/fr\/wp-json\/wp\/v2\/pages\/7912"}],"wp:attachment":[{"href":"https:\/\/www.crombie.ca\/fr\/wp-json\/wp\/v2\/media?parent=7936"}],"curies":[{"name":"wp","href":"https:\/\/api.w.org\/{rel}","templated":true}]}}